{"id":2730,"date":"2022-11-30T22:35:55","date_gmt":"2022-11-30T22:35:55","guid":{"rendered":"https:\/\/yuumi.co\/?page_id=2730"},"modified":"2023-03-15T04:56:20","modified_gmt":"2023-03-15T04:56:20","slug":"demo-yuumi","status":"publish","type":"page","link":"https:\/\/yuumi.co\/en\/demo-yuumi\/","title":{"rendered":"Software para restaurantes &#8211; Demo Yuumi"},"content":{"rendered":"<div data-elementor-type=\"wp-page\" data-elementor-id=\"2730\" class=\"elementor elementor-2730\">\n\t\t\t\t\t\t\t\t\t<section class=\"elementor-section elementor-top-section elementor-element elementor-element-3a2e65f elementor-section-height-min-height elementor-section-content-middle elementor-section-boxed elementor-section-height-default elementor-section-items-middle\" data-id=\"3a2e65f\" data-element_type=\"section\" data-settings=\"{&quot;background_background&quot;:&quot;slideshow&quot;,&quot;background_slideshow_gallery&quot;:[{&quot;id&quot;:2423,&quot;url&quot;:&quot;https:\\\/\\\/yuumi.co\\\/wp-content\\\/uploads\\\/2022\\\/11\\\/escaneando-menu-digital.png&quot;}],&quot;background_slideshow_loop&quot;:&quot;yes&quot;,&quot;background_slideshow_slide_duration&quot;:5000,&quot;background_slideshow_slide_transition&quot;:&quot;fade&quot;,&quot;background_slideshow_transition_duration&quot;:500}\">\n\t\t\t\t\t\t\t<div class=\"elementor-background-overlay\"><\/div>\n\t\t\t\t\t\t\t<div class=\"elementor-container elementor-column-gap-extended\">\n\t\t\t\t\t<div class=\"elementor-column elementor-col-50 elementor-top-column elementor-element elementor-element-082ccab\" data-id=\"082ccab\" data-element_type=\"column\">\n\t\t\t<div class=\"elementor-widget-wrap elementor-element-populated\">\n\t\t\t\t\t\t\t\t<div class=\"elementor-element elementor-element-abb467e elementor-widget elementor-widget-heading\" data-id=\"abb467e\" data-element_type=\"widget\" data-widget_type=\"heading.default\">\n\t\t\t\t<div class=\"elementor-widget-container\">\n\t\t\t<style>\/*! elementor - v3.18.0 - 20-12-2023 *\/\n.elementor-heading-title{padding:0;margin:0;line-height:1}.elementor-widget-heading .elementor-heading-title[class*=elementor-size-]>a{color:inherit;font-size:inherit;line-height:inherit}.elementor-widget-heading .elementor-heading-title.elementor-size-small{font-size:15px}.elementor-widget-heading .elementor-heading-title.elementor-size-medium{font-size:19px}.elementor-widget-heading .elementor-heading-title.elementor-size-large{font-size:29px}.elementor-widget-heading .elementor-heading-title.elementor-size-xl{font-size:39px}.elementor-widget-heading .elementor-heading-title.elementor-size-xxl{font-size:59px}<\/style><h1 class=\"elementor-heading-title elementor-size-default\">Inicia tu prueba<\/h1>\t\t<\/div>\n\t\t\t\t<\/div>\n\t\t\t\t<div class=\"elementor-element elementor-element-ef29f77 elementor-widget elementor-widget-heading\" data-id=\"ef29f77\" data-element_type=\"widget\" data-widget_type=\"heading.default\">\n\t\t\t\t<div class=\"elementor-widget-container\">\n\t\t\t<h1 class=\"elementor-heading-title elementor-size-default\">FACTURACI\u00d3N \/ COMANDAS \/ DOMICILIOS...<\/h1>\t\t<\/div>\n\t\t\t\t<\/div>\n\t\t\t\t<div class=\"elementor-element elementor-element-fa8f84a elementor-widget elementor-widget-heading\" data-id=\"fa8f84a\" data-element_type=\"widget\" data-widget_type=\"heading.default\">\n\t\t\t\t<div class=\"elementor-widget-container\">\n\t\t\t<h3 class=\"elementor-heading-title elementor-size-default\">Control all your restaurant processes with one App. <b>Ahorrando tiempo y dinero.<\/b><\/h3>\t\t<\/div>\n\t\t\t\t<\/div>\n\t\t\t\t\t<\/div>\n\t\t<\/div>\n\t\t\t\t<div class=\"elementor-column elementor-col-50 elementor-top-column elementor-element elementor-element-8fa6f55\" data-id=\"8fa6f55\" data-element_type=\"column\">\n\t\t\t<div class=\"elementor-widget-wrap elementor-element-populated\">\n\t\t\t\t\t\t\t\t<section class=\"elementor-section elementor-inner-section elementor-element elementor-element-12d31b9 elementor-section-boxed elementor-section-height-default elementor-section-height-default\" data-id=\"12d31b9\" data-element_type=\"section\">\n\t\t\t\t\t\t<div class=\"elementor-container elementor-column-gap-default\">\n\t\t\t\t\t<div class=\"elementor-column elementor-col-100 elementor-inner-column elementor-element elementor-element-3a5db0b\" data-id=\"3a5db0b\" data-element_type=\"column\" data-settings=\"{&quot;background_background&quot;:&quot;classic&quot;}\">\n\t\t\t<div class=\"elementor-widget-wrap elementor-element-populated\">\n\t\t\t\t\t\t\t\t<div class=\"elementor-element elementor-element-bce5fbc elementor-widget elementor-widget-heading\" data-id=\"bce5fbc\" data-element_type=\"widget\" data-widget_type=\"heading.default\">\n\t\t\t\t<div class=\"elementor-widget-container\">\n\t\t\t<h2 class=\"elementor-heading-title elementor-size-default\">Registro<\/h2>\t\t<\/div>\n\t\t\t\t<\/div>\n\t\t\t\t<div class=\"elementor-element elementor-element-3daa677 elementor-widget elementor-widget-html\" data-id=\"3daa677\" data-element_type=\"widget\" data-widget_type=\"html.default\">\n\t\t\t\t<div class=\"elementor-widget-container\">\n\t\t\t<script charset=\"utf-8\" type=\"text\/javascript\" src=\"\/\/js.hsforms.net\/forms\/embed\/v2.js\"><\/script>\n<script>\n  hbspt.forms.create({\n    region: \"na1\",\n    portalId: \"21922626\",\n    formId: \"91bf81ee-7290-4482-803d-92df33a16e00\"\n  });\n<\/script>\t\t<\/div>\n\t\t\t\t<\/div>\n\t\t\t\t\t<\/div>\n\t\t<\/div>\n\t\t\t\t\t\t\t<\/div>\n\t\t<\/section>\n\t\t\t\t\t<\/div>\n\t\t<\/div>\n\t\t\t\t\t\t\t<\/div>\n\t\t<\/section>\n\t\t\t\t\t\t\t<\/div>","protected":false},"excerpt":{"rendered":"<p>Inicia tu prueba FACTURACI\u00d3N \/ COMANDAS \/ DOMICILIOS&#8230; Controla todos los procesos de tu restaurante desde una sola App. Ahorrando tiempo y dinero. Registro<\/p>","protected":false},"author":1,"featured_media":0,"parent":0,"menu_order":0,"comment_status":"closed","ping_status":"closed","template":"","meta":{"footnotes":""},"class_list":["post-2730","page","type-page","status-publish","hentry"],"yoast_head":"<!-- This site is optimized with the Yoast SEO plugin v19.11 - https:\/\/yoast.com\/wordpress\/plugins\/seo\/ -->\n<title>Demo Yuumi<\/title>\n<meta name=\"description\" content=\"Obt\u00e9n tu demo Yuumi ahora. POS + Men\u00fa digital + Tienda + Facturaci\u00f3n + Contabilidad + inventario + Ecommerce\" \/>\n<meta name=\"robots\" content=\"index, follow, max-snippet:-1, max-image-preview:large, max-video-preview:-1\" \/>\n<link rel=\"canonical\" href=\"https:\/\/yuumi.co\/en\/demo-yuumi\/\" \/>\n<meta property=\"og:locale\" content=\"en_US\" \/>\n<meta property=\"og:type\" content=\"article\" \/>\n<meta property=\"og:title\" content=\"Demo Yuumi\" \/>\n<meta property=\"og:description\" content=\"Obt\u00e9n tu demo Yuumi ahora. POS + Men\u00fa digital + Tienda + Facturaci\u00f3n + Contabilidad + inventario + Ecommerce\" \/>\n<meta property=\"og:url\" content=\"https:\/\/yuumi.co\/en\/demo-yuumi\/\" \/>\n<meta property=\"og:site_name\" content=\"Yuumi software para restaurantes\" \/>\n<meta property=\"article:publisher\" content=\"https:\/\/www.facebook.com\/Yuumiapp\/\" \/>\n<meta property=\"article:modified_time\" content=\"2023-03-15T04:56:20+00:00\" \/>\n<meta name=\"twitter:card\" content=\"summary_large_image\" \/>\n<meta name=\"twitter:label1\" content=\"Est. reading time\" \/>\n\t<meta name=\"twitter:data1\" content=\"1 minute\" \/>\n<script type=\"application\/ld+json\" class=\"yoast-schema-graph\">{\"@context\":\"https:\/\/schema.org\",\"@graph\":[{\"@type\":\"WebPage\",\"@id\":\"https:\/\/yuumi.co\/demo-yuumi\/\",\"url\":\"https:\/\/yuumi.co\/demo-yuumi\/\",\"name\":\"Demo Yuumi\",\"isPartOf\":{\"@id\":\"https:\/\/yuumi.co\/#website\"},\"datePublished\":\"2022-11-30T22:35:55+00:00\",\"dateModified\":\"2023-03-15T04:56:20+00:00\",\"description\":\"Obt\u00e9n tu demo Yuumi ahora. POS + Men\u00fa digital + Tienda + Facturaci\u00f3n + Contabilidad + inventario + Ecommerce\",\"breadcrumb\":{\"@id\":\"https:\/\/yuumi.co\/demo-yuumi\/#breadcrumb\"},\"inLanguage\":\"en-US\",\"potentialAction\":[{\"@type\":\"ReadAction\",\"target\":[\"https:\/\/yuumi.co\/demo-yuumi\/\"]}]},{\"@type\":\"BreadcrumbList\",\"@id\":\"https:\/\/yuumi.co\/demo-yuumi\/#breadcrumb\",\"itemListElement\":[{\"@type\":\"ListItem\",\"position\":1,\"name\":\"Inicio\",\"item\":\"https:\/\/yuumi.co\/\"},{\"@type\":\"ListItem\",\"position\":2,\"name\":\"Software para restaurantes &#8211; Demo Yuumi\"}]},{\"@type\":\"WebSite\",\"@id\":\"https:\/\/yuumi.co\/#website\",\"url\":\"https:\/\/yuumi.co\/\",\"name\":\"Yuumi software para restaurantes\",\"description\":\"Software para restaurantes todo en uno, POS, facturaci\u00f3n, inventario, men\u00fa digital, tienda en linea, e-commerce, autoservicio.\",\"publisher\":{\"@id\":\"https:\/\/yuumi.co\/#organization\"},\"potentialAction\":[{\"@type\":\"SearchAction\",\"target\":{\"@type\":\"EntryPoint\",\"urlTemplate\":\"https:\/\/yuumi.co\/?s={search_term_string}\"},\"query-input\":\"required name=search_term_string\"}],\"inLanguage\":\"en-US\"},{\"@type\":\"Organization\",\"@id\":\"https:\/\/yuumi.co\/#organization\",\"name\":\"Yuumi software para restaurantes\",\"url\":\"https:\/\/yuumi.co\/\",\"logo\":{\"@type\":\"ImageObject\",\"inLanguage\":\"en-US\",\"@id\":\"https:\/\/yuumi.co\/#\/schema\/logo\/image\/\",\"url\":\"https:\/\/yuumi.co\/wp-content\/uploads\/2022\/11\/icon.png\",\"contentUrl\":\"https:\/\/yuumi.co\/wp-content\/uploads\/2022\/11\/icon.png\",\"width\":512,\"height\":512,\"caption\":\"Yuumi software para restaurantes\"},\"image\":{\"@id\":\"https:\/\/yuumi.co\/#\/schema\/logo\/image\/\"},\"sameAs\":[\"https:\/\/instagram.com\/yuumiapp\",\"https:\/\/www.facebook.com\/Yuumiapp\/\"]}]}<\/script>\n<!-- \/ Yoast SEO plugin. -->","yoast_head_json":{"title":"Demo Yuumi","description":"Obt\u00e9n tu demo Yuumi ahora. POS + Men\u00fa digital + Tienda + Facturaci\u00f3n + Contabilidad + inventario + Ecommerce","robots":{"index":"index","follow":"follow","max-snippet":"max-snippet:-1","max-image-preview":"max-image-preview:large","max-video-preview":"max-video-preview:-1"},"canonical":"https:\/\/yuumi.co\/en\/demo-yuumi\/","og_locale":"en_US","og_type":"article","og_title":"Demo Yuumi","og_description":"Obt\u00e9n tu demo Yuumi ahora. POS + Men\u00fa digital + Tienda + Facturaci\u00f3n + Contabilidad + inventario + Ecommerce","og_url":"https:\/\/yuumi.co\/en\/demo-yuumi\/","og_site_name":"Yuumi software para restaurantes","article_publisher":"https:\/\/www.facebook.com\/Yuumiapp\/","article_modified_time":"2023-03-15T04:56:20+00:00","twitter_card":"summary_large_image","twitter_misc":{"Est. reading time":"1 minute"},"schema":{"@context":"https:\/\/schema.org","@graph":[{"@type":"WebPage","@id":"https:\/\/yuumi.co\/demo-yuumi\/","url":"https:\/\/yuumi.co\/demo-yuumi\/","name":"Demo Yuumi","isPartOf":{"@id":"https:\/\/yuumi.co\/#website"},"datePublished":"2022-11-30T22:35:55+00:00","dateModified":"2023-03-15T04:56:20+00:00","description":"Obt\u00e9n tu demo Yuumi ahora. POS + Men\u00fa digital + Tienda + Facturaci\u00f3n + Contabilidad + inventario + Ecommerce","breadcrumb":{"@id":"https:\/\/yuumi.co\/demo-yuumi\/#breadcrumb"},"inLanguage":"en-US","potentialAction":[{"@type":"ReadAction","target":["https:\/\/yuumi.co\/demo-yuumi\/"]}]},{"@type":"BreadcrumbList","@id":"https:\/\/yuumi.co\/demo-yuumi\/#breadcrumb","itemListElement":[{"@type":"ListItem","position":1,"name":"Inicio","item":"https:\/\/yuumi.co\/"},{"@type":"ListItem","position":2,"name":"Software para restaurantes &#8211; Demo Yuumi"}]},{"@type":"WebSite","@id":"https:\/\/yuumi.co\/#website","url":"https:\/\/yuumi.co\/","name":"Yuumi software para restaurantes","description":"Software para restaurantes todo en uno, POS, facturaci\u00f3n, inventario, men\u00fa digital, tienda en linea, e-commerce, autoservicio.","publisher":{"@id":"https:\/\/yuumi.co\/#organization"},"potentialAction":[{"@type":"SearchAction","target":{"@type":"EntryPoint","urlTemplate":"https:\/\/yuumi.co\/?s={search_term_string}"},"query-input":"required name=search_term_string"}],"inLanguage":"en-US"},{"@type":"Organization","@id":"https:\/\/yuumi.co\/#organization","name":"Yuumi software para restaurantes","url":"https:\/\/yuumi.co\/","logo":{"@type":"ImageObject","inLanguage":"en-US","@id":"https:\/\/yuumi.co\/#\/schema\/logo\/image\/","url":"https:\/\/yuumi.co\/wp-content\/uploads\/2022\/11\/icon.png","contentUrl":"https:\/\/yuumi.co\/wp-content\/uploads\/2022\/11\/icon.png","width":512,"height":512,"caption":"Yuumi software para restaurantes"},"image":{"@id":"https:\/\/yuumi.co\/#\/schema\/logo\/image\/"},"sameAs":["https:\/\/instagram.com\/yuumiapp","https:\/\/www.facebook.com\/Yuumiapp\/"]}]}},"_links":{"self":[{"href":"https:\/\/yuumi.co\/en\/wp-json\/wp\/v2\/pages\/2730","targetHints":{"allow":["GET"]}}],"collection":[{"href":"https:\/\/yuumi.co\/en\/wp-json\/wp\/v2\/pages"}],"about":[{"href":"https:\/\/yuumi.co\/en\/wp-json\/wp\/v2\/types\/page"}],"author":[{"embeddable":true,"href":"https:\/\/yuumi.co\/en\/wp-json\/wp\/v2\/users\/1"}],"replies":[{"embeddable":true,"href":"https:\/\/yuumi.co\/en\/wp-json\/wp\/v2\/comments?post=2730"}],"version-history":[{"count":183,"href":"https:\/\/yuumi.co\/en\/wp-json\/wp\/v2\/pages\/2730\/revisions"}],"predecessor-version":[{"id":5148,"href":"https:\/\/yuumi.co\/en\/wp-json\/wp\/v2\/pages\/2730\/revisions\/5148"}],"wp:attachment":[{"href":"https:\/\/yuumi.co\/en\/wp-json\/wp\/v2\/media?parent=2730"}],"curies":[{"name":"wp","href":"https:\/\/api.w.org\/{rel}","templated":true}]}}